{"id":19,"date":"2019-12-21T16:18:42","date_gmt":"2019-12-21T16:18:42","guid":{"rendered":"https:\/\/moralkonukevi.com\/?page_id=19"},"modified":"2024-08-15T14:09:22","modified_gmt":"2024-08-15T14:09:22","slug":"home","status":"publish","type":"page","link":"https:\/\/moralkonukevi.com\/","title":{"rendered":"Home"},"content":{"rendered":"<div id=\"cs-content\" class=\"cs-content\"><div class=\"x-section e19-e1 mj-0 mj-1 mj-2\" id=\"about\"><div class=\"x-row e19-e2 mj-b mj-c mj-d mj-e mj-f mj-g mj-h mj-i mj-t mj-u\"><div class=\"x-row-inner\"><div class=\"x-col e19-e3 mj-14 mj-15 mj-16 mj-17 mj-18 mj-19\"><div class=\"x-text x-text-headline has-graphic e19-e4 mj-1e mj-1f mj-1g resp-h\"><div class=\"x-text-content\"><span class=\"x-graphic\" aria-hidden=\"true\"><i class=\"x-icon x-graphic-child x-graphic-icon x-graphic-primary\" aria-hidden=\"true\" data-x-icon-s=\"&#xf236;\"><\/i><\/span><div class=\"x-text-content-text\"><h2 class=\"x-text-content-text-primary\"><strong>L\u0130SANS, Y&Uuml;KSEK L\u0130SANS VE DOKTORA ERKEK &Ouml;\u011eRENC\u0130LER\u0130 \u0130&Ccedil;\u0130N<\/strong><\/h2>\n<\/div><\/div><\/div><div class=\"x-text x-content e19-e5 mj-1p mj-1q mj-1r resp-p\"><p style=\"text-align: justify;\">Moral Akademi Konukevi 2022 y\u0131l\u0131nda Ankara&rsquo;da kurulmu\u015ftur. Kurucular\u0131m\u0131z\u0131n hi&ccedil;bir siyasi, ideolojik grupla ba\u011f\u0131-ba\u011flant\u0131s\u0131 yoktur. Y&uuml;ksek &ouml;\u011frenim (lisans, y&uuml;ksek lisans, doktora) &ouml;\u011frencilerine y&uuml;ksek kalitede konaklama; staj yapma, sosyal sorumluluk projelerine kat\u0131lma, sosyal &ccedil;evre edinme imkan\u0131 sa\u011fl\u0131yoruz. 2024 A\u011fustos ay\u0131ndan itibaren \u015fehrin en g&uuml;zel yerlerinden olan Tahran Caddesi No:24 Kavakl\u0131dere \/ Ankara&rsquo;da adresimizde y&uuml;ksek &ouml;\u011frenim erkek &ouml;\u011frencilerine hizmet vermeye ba\u015flayaca\u011f\u0131z. 2025 y\u0131l\u0131ndan itibaren Ankara y&uuml;ksek &ouml;\u011frenim kad\u0131n &ouml;\u011frencileri i&ccedil;in de bir konukevi a&ccedil;acak, 2026 y\u0131l\u0131ndan itibaren ba\u015fta \u0130stanbul olmak &uuml;zere d&uuml;nyan\u0131n pek &ccedil;ok &ouml;nemli &uuml;niversite \u015fehirlerinde y&uuml;ksek &ouml;\u011frenim konukevleri in\u015fa edece\u011fiz.<\/p><\/div><\/div><\/div><\/div><\/div><div class=\"x-section e19-e6 mj-0 mj-3\"><div class=\"x-div x-container max width e19-e7 mj-1z mj-20 mj-21 mj-22 mj-23 mj-24 mj-25\"><div class=\"x-text x-text-headline e19-e8 mj-1f mj-1h mj-1i mj-1j mj-1k\"><div class=\"x-text-content\"><div class=\"x-text-content-text\">\n<h1 class=\"x-text-content-text-primary\">Moral Akademi Konukevi g&uuml;venli, konforlu, kaliteli.<\/h1><\/div><\/div><\/div><\/div><\/div><div class=\"x-section e19-e9 mj-0 mj-2 mj-4\" id=\"nature\"><div class=\"x-row x-container max width e19-e10 mj-d mj-e mj-g mj-j mj-k mj-l mj-m mj-n mj-v mj-w\"><div class=\"x-row-inner\"><div class=\"x-col e19-e11 mj-16 mj-17 mj-18\"><div class=\"x-text x-text-headline e19-e12 mj-1f mj-1i mj-1j mj-1l mj-1m\"><div class=\"x-text-content\"><div class=\"x-text-content-text\">\n<h2 class=\"x-text-content-text-primary\">Burs-Staj \u0130mkan\u0131<\/h2><\/div><\/div><\/div><div class=\"x-text x-content e19-e13 mj-1q mj-1s mj-1t mj-1u\"><p><span style=\"font-weight: 400;\">Moral Akademi Konukevlerimizde dar gelirli &ouml;\u011frencilere % 50, % 75, % 100 indirimle konaklama imkan\u0131 sa\u011fl\u0131yoruz. &Ouml;\u011frencilerimize &ouml;\u011frenim g&ouml;rd&uuml;kleri d&ouml;nemlerde staj, yar\u0131 zamanl\u0131 i\u015f, referans mektubu ayarlamada yard\u0131mc\u0131 oluyoruz. Konukevlerimizin kafe, k&uuml;t&uuml;phane, resepsiyonlar\u0131nda; grup \u015firketlerimize ba\u011fl\u0131 e\u011fitim kurumlar\u0131, ar-ge merkezi ve markalar\u0131m\u0131zda&nbsp; konaklayan &ouml;\u011frencilerimize &ouml;\u011frenimlerini aksatmayacaklar\u0131 yar\u0131 zamanl\u0131 i\u015f imkanlar\u0131 sunuyoruz.<\/span><\/p><\/div><div class=\"x-row e19-e14 mj-e mj-f mj-g mj-j mj-m mj-o mj-x\"><div class=\"x-row-inner\"><div class=\"x-col e19-e15 mj-16 mj-17 mj-18\"><a class=\"x-anchor x-anchor-button has-graphic has-particle e19-e16 mj-2c mj-9\" tabindex=\"0\" href=\"#contact\" data-x-effect=\"{&quot;durationBase&quot;:&quot;300ms&quot;}\"><span class=\"x-particle is-primary\" data-x-particle=\"scale-x inside-b_l\" aria-hidden=\"true\"><span style=\"\"><\/span><\/span><div class=\"x-anchor-content\"><span class=\"x-graphic\" aria-hidden=\"true\"><i class=\"x-icon x-graphic-child x-graphic-icon x-graphic-primary\" aria-hidden=\"true\" data-x-icon-o=\"&#xf105;\"><\/i><i class=\"x-icon x-graphic-child x-graphic-icon x-graphic-secondary\" aria-hidden=\"true\" data-x-icon-o=\"&#xf105;\"><\/i><\/span><div class=\"x-anchor-text\"><span class=\"x-anchor-text-primary\">\u0130leti\u015fim<\/span><\/div><\/div><\/a><\/div><\/div><\/div><\/div><div class=\"x-col e19-e17 mj-16 mj-17 mj-18\"><span class=\"x-image e19-e18 mj-2d mj-2e\"><img decoding=\"async\" src=\"https:\/\/moralkonukevi.com\/wp-content\/uploads\/2024\/07\/WhatsApp-Gorsel-2024-06-15-saat-18.48.30_49f2354d.jpg\" width=\"800\" height=\"800\" alt=\"Placeholder Image\" loading=\"lazy\"><\/span><\/div><\/div><\/div><\/div><div class=\"x-section e19-e19 mj-0 mj-2 mj-5\" id=\"work\"><div class=\"x-bg\" aria-hidden=\"true\"><div class=\"x-bg-layer-lower-image\" data-x-element-bg-layer=\"{&quot;parallaxSize&quot;:&quot;100%&quot;,&quot;parallaxDir&quot;:&quot;v&quot;,&quot;parallaxRev&quot;:false}\"><\/div><\/div><div class=\"x-row x-container max width e19-e20 mj-d mj-e mj-f mj-g mj-h mj-j mj-p mj-y\"><div class=\"x-row-inner\"><div class=\"x-col e19-e21 mj-16 mj-17 mj-18 mj-1a\"><div class=\"x-bg\" aria-hidden=\"true\" style=\"border-radius: 12px;\"><div class=\"x-bg-layer-lower-color\"><\/div><\/div><div class=\"x-row x-container max width e19-e22 mj-d mj-e mj-f mj-j mj-m mj-n mj-q mj-v mj-z\"><div class=\"x-row-inner\"><div class=\"x-col e19-e23 mj-14 mj-16 mj-17 mj-1b\"><div class=\"x-text x-text-headline e19-e24 mj-1f mj-1j mj-1k mj-1l mj-1n\"><div class=\"x-text-content\"><div class=\"x-text-content-text\">\n<h2 class=\"x-text-content-text-primary\">Tek Ki\u015filik Odalar<\/h2><\/div><\/div><\/div><div class=\"x-text x-content e19-e25 mj-1q mj-1s mj-1u mj-1v\"><p><span style=\"font-weight: 400;\">140 metrekarelik 3 daire i&ccedil;inde yer alan odalard\u0131r. Her dairede 3&rsquo;er oda vard\u0131r. Dairelerde mini mutfak (mutfac\u0131k), banyo, tuvaletler ortakt\u0131r. M&uuml;stakil, geni\u015f balkonlar\u0131 olan tek ki\u015filik odalarda y&uuml;ksek kalitede yatak, baza, gard\u0131rop, mini bar, &ccedil;al\u0131\u015fma masas\u0131 ve kitapl\u0131k bulunur.&nbsp;<\/span><\/p><\/div><\/div><div class=\"x-col e19-e26 mj-16 mj-17 mj-18\"><div class=\"x-div e19-e27 mj-21 mj-23 mj-24 mj-26 mj-27\" data-x-slide-context=\"\"><div class=\"x-div e19-e28 mj-21 mj-23 mj-25 mj-28 mj-29\"><div class=\"x-slide-container-viewport is-loading e19-e29 mj-2g mj-2h\" data-x-slide-container=\"{&quot;keyboardNavigation&quot;:true,&quot;autoplayStartInView&quot;:true,&quot;snap&quot;:true,&quot;wrapAround&quot;:true,&quot;int&quot;:&quot;drag off&quot;,&quot;direction&quot;:&quot;forward&quot;,&quot;startingSlide&quot;:1,&quot;autoplay&quot;:&quot;interval&quot;}\"><div class=\"x-slide-container-content\"><div class=\"x-slide-container is-inline is-paged\"><div class=\"x-slide e19-e30 mj-2i\" data-x-slide=\"\"><span class=\"x-image e19-e31 mj-2d mj-2f\"><img decoding=\"async\" src=\"https:\/\/moralkonukevi.com\/wp-content\/uploads\/2024\/07\/tek.jpg\" width=\"1125\" height=\"1125\" alt=\"Placeholder Image\" loading=\"lazy\"><\/span><\/div><div class=\"x-slide e19-e32 mj-2i\" data-x-slide=\"\"><span class=\"x-image e19-e33 mj-2d mj-2f\"><img decoding=\"async\" src=\"https:\/\/moralkonukevi.com\/wp-content\/uploads\/2024\/07\/tek2.jpg\" width=\"1125\" height=\"1125\" alt=\"Placeholder Image\" loading=\"lazy\"><\/span><\/div><div class=\"x-slide e19-e34 mj-2i\" data-x-slide=\"\"><span class=\"x-image e19-e35 mj-2d mj-2f\"><img decoding=\"async\" src=\"https:\/\/moralkonukevi.com\/wp-content\/uploads\/2024\/07\/tek4.jpg\" width=\"1125\" height=\"1125\" alt=\"Placeholder Image\" loading=\"lazy\"><\/span><\/div><div class=\"x-slide e19-e36 mj-2i\" data-x-slide=\"\"><span class=\"x-image e19-e37 mj-2d mj-2f\"><img decoding=\"async\" src=\"https:\/\/moralkonukevi.com\/wp-content\/uploads\/2024\/07\/balkon.jpg\" width=\"1125\" height=\"1125\" alt=\"Placeholder Image\" loading=\"lazy\"><\/span><\/div><div class=\"x-slide e19-e38 mj-2i\" data-x-slide=\"\"><span class=\"x-image e19-e39 mj-2d mj-2f\"><img decoding=\"async\" src=\"https:\/\/moralkonukevi.com\/wp-content\/uploads\/2024\/07\/banyo.jpg\" width=\"1125\" height=\"1087\" alt=\"Placeholder Image\" loading=\"lazy\"><\/span><\/div><\/div><\/div><\/div><div class=\"x-div e19-e40 mj-1z mj-21 mj-27 mj-28 mj-2a mj-a\"><a class=\"x-div e19-e41 mj-1z mj-20 mj-21 mj-23 mj-24 mj-25 mj-2b\" href=\"#prev\" data-x-effect-provider=\"colors particles effects\" data-x-slide-prev=\"\"><i class=\"x-icon e19-e42 mj-2j mj-2k\" aria-hidden=\"true\" data-x-icon-o=\"&#xf104;\"><\/i><\/a><a class=\"x-div e19-e43 mj-1z mj-20 mj-21 mj-23 mj-24 mj-25 mj-2b\" href=\"#next\" data-x-effect-provider=\"colors particles effects\" data-x-slide-next=\"\"><i class=\"x-icon e19-e44 mj-2j mj-2l\" aria-hidden=\"true\" data-x-icon-o=\"&#xf105;\"><\/i><\/a><\/div><\/div><ul class=\"x-slide-pagination is-row e19-e45 mj-2m\" data-x-slide-pagination=\"\"><\/ul><\/div><\/div><\/div><\/div><\/div><div class=\"x-col e19-e46 mj-16 mj-18 mj-1c\"><div class=\"x-row x-container max width e19-e47 mj-d mj-e mj-f mj-j mj-m mj-n mj-q mj-v mj-10\"><div class=\"x-row-inner\"><div class=\"x-col e19-e48 mj-14 mj-16 mj-17 mj-1b\"><div class=\"x-text x-text-headline e19-e49 mj-1f mj-1j mj-1k mj-1l mj-1n\"><div class=\"x-text-content\"><div class=\"x-text-content-text\">\n<h2 class=\"x-text-content-text-primary\">\u0130ki Ki\u015filik Odalar<\/h2><\/div><\/div><\/div><div class=\"x-text x-content e19-e50 mj-1q mj-1s mj-1u mj-1v\"><p><span style=\"font-weight: 400;\">50 metrekarelik geni\u015f ve ferah odalard\u0131r. Odalarda mini mutfak (mutfac\u0131k), banyo, tuvalet vard\u0131r. \u0130ki ki\u015filik odalarda y&uuml;ksek kalitede yatak, baza, gard\u0131rop, mini bar, &ccedil;al\u0131\u015fma masas\u0131 ve kitapl\u0131k bulunur.<\/span><\/p>\n<p>&nbsp;<\/p><\/div><\/div><div class=\"x-col e19-e51 mj-16 mj-17 mj-18\"><div class=\"x-div e19-e52 mj-21 mj-23 mj-24 mj-26 mj-27\" data-x-slide-context=\"\"><div class=\"x-div e19-e53 mj-21 mj-23 mj-25 mj-28 mj-29\"><div class=\"x-slide-container-viewport is-loading e19-e54 mj-2g mj-2h\" data-x-slide-container=\"{&quot;keyboardNavigation&quot;:true,&quot;autoplayStartInView&quot;:true,&quot;snap&quot;:true,&quot;wrapAround&quot;:true,&quot;int&quot;:&quot;drag off&quot;,&quot;direction&quot;:&quot;forward&quot;,&quot;startingSlide&quot;:1,&quot;autoplay&quot;:&quot;interval&quot;}\"><div class=\"x-slide-container-content\"><div class=\"x-slide-container is-inline is-paged\"><div class=\"x-slide e19-e55 mj-2i\" data-x-slide=\"\"><span class=\"x-image e19-e56 mj-2d mj-2f\"><img decoding=\"async\" src=\"https:\/\/moralkonukevi.com\/wp-content\/uploads\/2024\/07\/iki3.jpg\" width=\"1125\" height=\"1125\" alt=\"Placeholder Image\" loading=\"lazy\"><\/span><\/div><div class=\"x-slide e19-e57 mj-2i\" data-x-slide=\"\"><span class=\"x-image e19-e58 mj-2d mj-2f\"><img decoding=\"async\" src=\"https:\/\/moralkonukevi.com\/wp-content\/uploads\/2024\/07\/iki4.jpg\" width=\"1125\" height=\"1125\" alt=\"Placeholder Image\" loading=\"lazy\"><\/span><\/div><div class=\"x-slide e19-e59 mj-2i\" data-x-slide=\"\"><span class=\"x-image e19-e60 mj-2d mj-2f\"><img decoding=\"async\" src=\"https:\/\/moralkonukevi.com\/wp-content\/uploads\/2024\/07\/iki2.jpg\" width=\"1125\" height=\"1125\" alt=\"Placeholder Image\" loading=\"lazy\"><\/span><\/div><div class=\"x-slide e19-e61 mj-2i\" data-x-slide=\"\"><span class=\"x-image e19-e62 mj-2d mj-2f\"><img decoding=\"async\" src=\"https:\/\/moralkonukevi.com\/wp-content\/uploads\/2024\/07\/iki5.jpg\" width=\"1125\" height=\"1125\" alt=\"Placeholder Image\" loading=\"lazy\"><\/span><\/div><div class=\"x-slide e19-e63 mj-2i\" data-x-slide=\"\"><span class=\"x-image e19-e64 mj-2d mj-2f\"><img decoding=\"async\" src=\"https:\/\/moralkonukevi.com\/wp-content\/uploads\/2024\/07\/banyo.jpg\" width=\"1125\" height=\"1087\" alt=\"Placeholder Image\" loading=\"lazy\"><\/span><\/div><\/div><\/div><\/div><div class=\"x-div e19-e65 mj-1z mj-21 mj-27 mj-28 mj-2a mj-a\"><a class=\"x-div e19-e66 mj-1z mj-20 mj-21 mj-23 mj-24 mj-25 mj-2b\" href=\"#prev\" data-x-effect-provider=\"colors particles effects\" data-x-slide-prev=\"\"><i class=\"x-icon e19-e67 mj-2j mj-2k\" aria-hidden=\"true\" data-x-icon-o=\"&#xf104;\"><\/i><\/a><a class=\"x-div e19-e68 mj-1z mj-20 mj-21 mj-23 mj-24 mj-25 mj-2b\" href=\"#next\" data-x-effect-provider=\"colors particles effects\" data-x-slide-next=\"\"><i class=\"x-icon e19-e69 mj-2j mj-2l\" aria-hidden=\"true\" data-x-icon-o=\"&#xf105;\"><\/i><\/a><\/div><\/div><ul class=\"x-slide-pagination is-row e19-e70 mj-2m\" data-x-slide-pagination=\"\"><\/ul><\/div><\/div><\/div><\/div><\/div><div class=\"x-col e19-e71 mj-16 mj-18 mj-1c\"><div class=\"x-row x-container max width e19-e72 mj-d mj-e mj-f mj-j mj-m mj-n mj-q mj-v mj-11\"><div class=\"x-row-inner\"><div class=\"x-col e19-e73 mj-14 mj-16 mj-17 mj-1b\"><div class=\"x-text x-text-headline e19-e74 mj-1f mj-1j mj-1k mj-1l mj-1n\"><div class=\"x-text-content\"><div class=\"x-text-content-text\">\n<h2 class=\"x-text-content-text-primary\">S&uuml;it Odalar<\/h2><\/div><\/div><\/div><div class=\"x-text x-content e19-e75 mj-1q mj-1s mj-1u mj-1v\"><p><span style=\"font-weight: 400;\">70 metrekarelik geni\u015f ve ferah dairelerdir. Konukevimizde bu nitelikte toplam 3 oda mevcuttur. Odalarda b&uuml;y&uuml;k mutfak, banyo-tuvalet ve balkon vard\u0131r. \u015e&ouml;mineli s&uuml;it odalarda oturma grubu, y&uuml;ksek kalitede yatak, baza, gard\u0131rop, mini bar, &ccedil;al\u0131\u015fma masas\u0131 ve kitapl\u0131k bulunur.<\/span><\/p><\/div><\/div><div class=\"x-col e19-e76 mj-16 mj-17 mj-18\"><div class=\"x-div e19-e77 mj-21 mj-23 mj-24 mj-26 mj-27\" data-x-slide-context=\"\"><div class=\"x-div e19-e78 mj-21 mj-23 mj-25 mj-28 mj-29\"><div class=\"x-slide-container-viewport is-loading e19-e79 mj-2g\" data-x-slide-container=\"{&quot;keyboardNavigation&quot;:true,&quot;snap&quot;:true,&quot;wrapAround&quot;:true,&quot;int&quot;:&quot;drag off&quot;,&quot;direction&quot;:&quot;forward&quot;,&quot;startingSlide&quot;:1}\"><div class=\"x-slide-container-content\"><div class=\"x-slide-container is-inline is-paged\"><div class=\"x-slide e19-e80 mj-2i\" data-x-slide=\"\"><span class=\"x-image e19-e81 mj-2d mj-2f\"><img decoding=\"async\" src=\"https:\/\/moralkonukevi.com\/wp-content\/uploads\/2024\/07\/sliderMain-1.jpg\" width=\"1125\" height=\"1125\" alt=\"Placeholder Image\" loading=\"lazy\"><\/span><\/div><div class=\"x-slide e19-e82 mj-2i\" data-x-slide=\"\"><\/div><div class=\"x-slide e19-e84 mj-2i\" data-x-slide=\"\"><\/div><\/div><\/div><\/div><div class=\"x-div e19-e86 mj-1z mj-21 mj-27 mj-28 mj-2a mj-a\"><a class=\"x-div e19-e87 mj-1z mj-20 mj-21 mj-23 mj-24 mj-25 mj-2b\" href=\"#prev\" data-x-effect-provider=\"colors particles effects\" data-x-slide-prev=\"\"><i class=\"x-icon e19-e88 mj-2j mj-2k\" aria-hidden=\"true\" data-x-icon-o=\"&#xf104;\"><\/i><\/a><a class=\"x-div e19-e89 mj-1z mj-20 mj-21 mj-23 mj-24 mj-25 mj-2b\" href=\"#next\" data-x-effect-provider=\"colors particles effects\" data-x-slide-next=\"\"><i class=\"x-icon e19-e90 mj-2j mj-2l\" aria-hidden=\"true\" data-x-icon-o=\"&#xf105;\"><\/i><\/a><\/div><\/div><ul class=\"x-slide-pagination is-row e19-e91 mj-2m\" data-x-slide-pagination=\"\"><\/ul><\/div><\/div><\/div><\/div><\/div><\/div><\/div><\/div><div class=\"x-section e19-e92 mj-0 mj-2 mj-6 mj-7\" id=\"music\"><div class=\"x-row e19-e93 mj-b mj-d mj-e mj-g mj-h mj-k mj-r mj-s mj-t mj-12\"><div class=\"x-row-inner\"><div class=\"x-col e19-e94 mj-16 mj-17 mj-18 mj-19 mj-1d\"><div class=\"x-text x-text-headline has-graphic e19-e95 mj-1e mj-1f mj-1o resp-h\"><div class=\"x-text-content\"><span class=\"x-graphic\" aria-hidden=\"true\"><i class=\"x-icon x-graphic-child x-graphic-icon x-graphic-primary\" aria-hidden=\"true\" data-x-icon-o=\"&#xf185;\"><\/i><\/span><div class=\"x-text-content-text\"><h2 class=\"x-text-content-text-primary\">Hizmetler<\/h2>\n<\/div><\/div><\/div><div class=\"x-text x-content e19-e96 mj-1p mj-1q mj-1u mj-1w mj-1x resp-p\"><p><span style=\"font-weight: 400;\">Konukevlerimizde misafirlerimize be\u015f y\u0131ld\u0131zl\u0131 otel konforu,&nbsp; y&uuml;ksek g&uuml;venlik ve internet eri\u015fimi sa\u011fl\u0131yoruz. B&uuml;t&uuml;n odalar\u0131m\u0131z\u0131 haftada iki kez&nbsp; d&uuml;zenli temizliyor; nevresim ve &ccedil;ar\u015faflar\u0131n\u0131 de\u011fi\u015ftiriyoruz. K\u0131\u015flar\u0131 s\u0131cak, yazlar\u0131 serin odalar\u0131m\u0131z\u0131 ayda bir kez ha\u015ferata kar\u015f\u0131 ila&ccedil;l\u0131yoruz. G&uuml;venlik, temizlik, internet ve sabah kahvalt\u0131s\u0131 hizmetleri misafirlerimizin &ouml;dedikleri ayl\u0131k oda fiyat\u0131na dahildir.&nbsp; Misafirlerimize istemeleri halinde uygun fiyata &ouml;\u011fle ve ak\u015fam yeme\u011fi verebiliyoruz.<\/span><\/p><\/div><\/div><\/div><\/div><\/div><div class=\"x-section e19-e97 mj-0 mj-2 mj-6 mj-8\" id=\"contact\"><div class=\"x-row e19-e98 mj-b mj-d mj-e mj-f mj-g mj-h mj-i mj-r mj-t mj-13\"><div class=\"x-row-inner\"><div class=\"x-col e19-e99 mj-16 mj-17 mj-18 mj-19\"><div class=\"x-text x-text-headline has-graphic e19-e100 mj-1e mj-1f mj-1o resp-h\"><div class=\"x-text-content\"><span class=\"x-graphic\" aria-hidden=\"true\"><i class=\"x-icon x-graphic-child x-graphic-icon x-graphic-primary\" aria-hidden=\"true\" data-x-icon-o=\"&#xf0e0;\"><\/i><\/span><div class=\"x-text-content-text\"><h2 class=\"x-text-content-text-primary\">\u0130leti\u015fim<\/h2>\n<\/div><\/div><\/div><div class=\"x-text x-content e19-e101 mj-1p mj-1q mj-1w mj-1y resp-p\"><p>Gaziosmanpa\u015fa, Tahran Cad, No:24, \u00c7ankaya\/ANKARA<\/p>\n<p>Telefon: <a href=\"tel:05541510658\">0554 151 06 58<\/a><\/p>\n<p>Mail: <a href=\"mailto:moralkonukevi@gmail.com\">moralkonukevi@gmail.com<\/a><\/p><\/div><hr class=\"x-line e19-e102 mj-2n\"\/><div class=\"x-frame x-frame-map-embed e19-e103 mj-2o\"><div class=\"x-frame-inner\"><div class=\"x-map x-map-embed\"><iframe src=\"https:\/\/www.google.com\/maps\/embed?pb=!1m18!1m12!1m3!1d765.1790489448101!2d32.86409992856504!3d39.90298599821297!2m3!1f0!2f0!3f0!3m2!1i1024!2i768!4f13.1!3m3!1m2!1s0x14d34f627f50b1af%3A0x9e5d6182fa9c873c!2sMoral%20E%C4%9Fitim%20Teknolojileri!5e0!3m2!1str!2snl!4v1721128302088!5m2!1str!2snl\" width=\"600\" height=\"450\" style=\"border:0;\" allowfullscreen=\"\" loading=\"lazy\" referrerpolicy=\"no-referrer-when-downgrade\"><\/iframe><\/div><\/div><\/div><\/div><\/div><\/div><\/div><span data-x-element-responsive-text=\"{&quot;selector&quot;:&quot;.resp-h .x-text-content&quot;,&quot;compression&quot;:&quot;1.0&quot;,&quot;minFontSize&quot;:&quot;42px&quot;,&quot;maxFontSize&quot;:&quot;54px&quot;}\" class=\"e19-e104\"><\/span><span data-x-element-responsive-text=\"{&quot;selector&quot;:&quot;.resp-p&quot;,&quot;compression&quot;:&quot;2.5&quot;,&quot;minFontSize&quot;:&quot;16px&quot;,&quot;maxFontSize&quot;:&quot;21px&quot;}\" class=\"e19-e105\"><\/span><\/div>\n","protected":false},"excerpt":{"rendered":"<p>L\u0130SANS, Y&Uuml;KSEK L\u0130SANS VE DOKTORA ERKEK &Ouml;\u011eRENC\u0130LER\u0130 \u0130&Ccedil;\u0130N Moral Akademi Konukevi 2022 y\u0131l\u0131nda Ankara&rsquo;da kurulmu\u015ftur. Kurucular\u0131m\u0131z\u0131n hi&ccedil;bir siyasi, ideolojik grupla ba\u011f\u0131-ba\u011flant\u0131s\u0131 yoktur. Y&uuml;ksek &ouml;\u011frenim (lisans, y&uuml;ksek lisans, doktora) &ouml;\u011frencilerine y&uuml;ksek &#8230;<\/p>\n","protected":false},"author":1,"featured_media":0,"parent":0,"menu_order":0,"comment_status":"closed","ping_status":"closed","template":"template-blank-4.php","meta":{"rs_blank_template":"","rs_page_bg_color":"","slide_template_v7":"","footnotes":""},"class_list":["post-19","page","type-page","status-publish","hentry","no-post-thumbnail"],"_links":{"self":[{"href":"https:\/\/moralkonukevi.com\/index.php?rest_route=\/wp\/v2\/pages\/19","targetHints":{"allow":["GET"]}}],"collection":[{"href":"https:\/\/moralkonukevi.com\/index.php?rest_route=\/wp\/v2\/pages"}],"about":[{"href":"https:\/\/moralkonukevi.com\/index.php?rest_route=\/wp\/v2\/types\/page"}],"author":[{"embeddable":true,"href":"https:\/\/moralkonukevi.com\/index.php?rest_route=\/wp\/v2\/users\/1"}],"replies":[{"embeddable":true,"href":"https:\/\/moralkonukevi.com\/index.php?rest_route=%2Fwp%2Fv2%2Fcomments&post=19"}],"version-history":[{"count":42,"href":"https:\/\/moralkonukevi.com\/index.php?rest_route=\/wp\/v2\/pages\/19\/revisions"}],"predecessor-version":[{"id":191,"href":"https:\/\/moralkonukevi.com\/index.php?rest_route=\/wp\/v2\/pages\/19\/revisions\/191"}],"wp:attachment":[{"href":"https:\/\/moralkonukevi.com\/index.php?rest_route=%2Fwp%2Fv2%2Fmedia&parent=19"}],"curies":[{"name":"wp","href":"https:\/\/api.w.org\/{rel}","templated":true}]}}